{"id":1813,"date":"2025-09-04T10:30:48","date_gmt":"2025-09-04T08:30:48","guid":{"rendered":"https:\/\/lesechappeesdeludo.fr\/?page_id=1813"},"modified":"2026-02-05T15:02:44","modified_gmt":"2026-02-05T14:02:44","slug":"lassociation","status":"publish","type":"page","link":"https:\/\/lesechappeesdeludo.fr\/index.php\/lassociation\/","title":{"rendered":"L&rsquo;association"},"content":{"rendered":"\n<div class=\"wp-block-cover alignfull is-light\" style=\"min-height:430px;aspect-ratio:unset;\"><img fetchpriority=\"high\" decoding=\"async\" width=\"1024\" height=\"683\" class=\"wp-block-cover__image-background wp-image-1814\" alt=\"\" src=\"https:\/\/lesechappeesdeludo.fr\/wp-content\/uploads\/2025\/08\/pexels-penguinvisuals-7134897-1024x683.jpg\" data-object-fit=\"cover\" srcset=\"https:\/\/lesechappeesdeludo.fr\/wp-content\/uploads\/2025\/08\/pexels-penguinvisuals-7134897-1024x683.jpg 1024w, https:\/\/lesechappeesdeludo.fr\/wp-content\/uploads\/2025\/08\/pexels-penguinvisuals-7134897-300x200.jpg 300w, https:\/\/lesechappeesdeludo.fr\/wp-content\/uploads\/2025\/08\/pexels-penguinvisuals-7134897-768x512.jpg 768w, https:\/\/lesechappeesdeludo.fr\/wp-content\/uploads\/2025\/08\/pexels-penguinvisuals-7134897-1536x1024.jpg 1536w, https:\/\/lesechappeesdeludo.fr\/wp-content\/uploads\/2025\/08\/pexels-penguinvisuals-7134897-2048x1365.jpg 2048w\" sizes=\"(max-width: 1024px) 100vw, 1024px\" \/><span aria-hidden=\"true\" class=\"wp-block-cover__background has-background-dim-10 has-background-dim\"><\/span><div class=\"wp-block-cover__inner-container is-layout-flow wp-block-cover-is-layout-flow\">\n<p class=\"has-text-align-left has-ast-global-color-5-color has-text-color has-link-color has-x-large-font-size wp-elements-057b31fbad75897cb606811d3be3d63c\">Les \u00e9chapp\u00e9es de Ludo<\/p>\n\n\n\n<p class=\"has-ast-global-color-5-color has-text-color has-link-color has-medium-font-size wp-elements-595f66833444dcdb2dcb05f8e7dfb61e\">Bien \u00eatre, mouvement et s\u00e9r\u00e9nit\u00e9 pour tous<\/p>\n<\/div><\/div>\n\n\n\n<p class=\"has-white-background-color has-background\"><strong>L&rsquo;association <\/strong>succ\u00e8de \u00e0 \u00a0\u00bb Nourrir \u00e0 la vie \u00ab\u00a0, permet \u00e0 chacun de pratiquer des activit\u00e9s physiques et de d\u00e9tente dans une ambiance conviviale et bienveillante, avec un m\u00eame objectif : <strong>se sentir mieux, renforcer son corps et apaiser son esprit<\/strong>. Chaque semaine, <strong>l&rsquo;association<\/strong> propose 4 s\u00e9ances de quatre disciplines diff\u00e9rentes : Yoga &#8211; Qi Gong &#8211; Pilates Sophrologie &#8211; Pilates Facias. Des s\u00e9ances adapt\u00e9es \u00e0 tous les niveaux. Un cadre convivial favorisant l\u2019\u00e9change et le bien-\u00eatre.<\/p>\n\n\n\n<div class=\"wp-block-media-text alignfull is-stacked-on-mobile has-ast-global-color-5-background-color has-background\" style=\"grid-template-columns:29% auto\"><figure class=\"wp-block-media-text__media\"><img decoding=\"async\" width=\"819\" height=\"1024\" src=\"http:\/\/lesechappeesdeludo.fr\/wp-content\/uploads\/2025\/08\/YOGA-1-819x1024.png\" alt=\"Yoga\" class=\"wp-image-1799 size-full\" srcset=\"https:\/\/lesechappeesdeludo.fr\/wp-content\/uploads\/2025\/08\/YOGA-1-819x1024.png 819w, https:\/\/lesechappeesdeludo.fr\/wp-content\/uploads\/2025\/08\/YOGA-1-240x300.png 240w, https:\/\/lesechappeesdeludo.fr\/wp-content\/uploads\/2025\/08\/YOGA-1-768x960.png 768w, https:\/\/lesechappeesdeludo.fr\/wp-content\/uploads\/2025\/08\/YOGA-1.png 1080w\" sizes=\"(max-width: 819px) 100vw, 819px\" \/><\/figure><div class=\"wp-block-media-text__content\">\n<p class=\"has-ast-global-color-2-color has-text-color has-link-color wp-elements-2adf8a2d0ea46927233478fec4aac8c1\"><\/p>\n\n\n\n<h2 class=\"wp-block-heading\">YOGA<\/h2>\n\n\n\n<p class=\"has-ast-global-color-2-color has-text-color has-link-color wp-elements-aae7ff5b3a10f36865e868c6e98f1d26\">Dispens\u00e9e par Claire Dray certifi\u00e9e Yoga Alliance depuis 2019. <\/p>\n\n\n\n<p class=\"has-ast-global-color-2-color has-text-color has-link-color wp-elements-524495ec245f0eebfac6123564addd17\">Asanah (postures), pranayamas (techniques respiratoires) relaxation et m\u00e9ditation sont la base des s\u00e9ances propos\u00e9es par Claire.<\/p>\n\n\n\n<p class=\"has-ast-global-color-2-color has-text-color has-link-color wp-elements-e9520a26d53cc9a8059803b12e3186aa\"><strong>Le lundi de 9h30 \u00e0 10h30, au P\u00f4le sant\u00e9<\/strong>, <strong>rue Nelson Mandela 95170 DEUIL LA BARRE <\/strong><\/p>\n<\/div><\/div>\n\n\n\n<div class=\"wp-block-media-text alignfull has-media-on-the-right is-stacked-on-mobile has-ast-global-color-5-background-color has-background\" style=\"grid-template-columns:auto 28%\"><div class=\"wp-block-media-text__content\">\n<p><\/p>\n\n\n\n<h2 class=\"wp-block-heading\">QI-GONG<\/h2>\n\n\n\n<p>Dispens\u00e9 par Yoko professeure chinoise de MTC Qi gong. Dipl\u00f4m\u00e9e par la f\u00e9d\u00e9ration des associations et enseignant du Qi Gong en 1997. <\/p>\n\n\n\n<p>Issu de la tradition chinoise <strong>le QI Gong<\/strong>, repose sur des exercices de respiration et d\u2019\u00e9tirements pour assouplir le corps et apaiser le mental.<\/p>\n\n\n\n<p><strong>Le jeudi de 9h30 \u00e0 10h45, au P\u00f4le sant\u00e9<\/strong>, <strong>rue Nelson Mandela 95170 DEUIL LA BARRE <\/strong><\/p>\n<\/div><figure class=\"wp-block-media-text__media\"><img decoding=\"async\" width=\"819\" height=\"1024\" src=\"http:\/\/lesechappeesdeludo.fr\/wp-content\/uploads\/2025\/08\/QI-GONG-819x1024.png\" alt=\"QI-GONG\" class=\"wp-image-1800 size-full\" srcset=\"https:\/\/lesechappeesdeludo.fr\/wp-content\/uploads\/2025\/08\/QI-GONG-819x1024.png 819w, https:\/\/lesechappeesdeludo.fr\/wp-content\/uploads\/2025\/08\/QI-GONG-240x300.png 240w, https:\/\/lesechappeesdeludo.fr\/wp-content\/uploads\/2025\/08\/QI-GONG-768x960.png 768w, https:\/\/lesechappeesdeludo.fr\/wp-content\/uploads\/2025\/08\/QI-GONG.png 1080w\" sizes=\"(max-width: 819px) 100vw, 819px\" \/><\/figure><\/div>\n\n\n\n<div class=\"wp-block-media-text alignfull is-stacked-on-mobile has-ast-global-color-5-background-color has-background\" style=\"grid-template-columns:29% auto\"><figure class=\"wp-block-media-text__media\"><img loading=\"lazy\" decoding=\"async\" width=\"819\" height=\"1024\" src=\"http:\/\/lesechappeesdeludo.fr\/wp-content\/uploads\/2025\/08\/PHOTOS-ASSO-LUDO-819x1024.png\" alt=\"PILATES FACIAS\" class=\"wp-image-1804 size-full\" srcset=\"https:\/\/lesechappeesdeludo.fr\/wp-content\/uploads\/2025\/08\/PHOTOS-ASSO-LUDO-819x1024.png 819w, https:\/\/lesechappeesdeludo.fr\/wp-content\/uploads\/2025\/08\/PHOTOS-ASSO-LUDO-240x300.png 240w, https:\/\/lesechappeesdeludo.fr\/wp-content\/uploads\/2025\/08\/PHOTOS-ASSO-LUDO-768x960.png 768w, https:\/\/lesechappeesdeludo.fr\/wp-content\/uploads\/2025\/08\/PHOTOS-ASSO-LUDO.png 1080w\" sizes=\"(max-width: 819px) 100vw, 819px\" \/><\/figure><div class=\"wp-block-media-text__content\">\n<p><\/p>\n\n\n\n<h2 class=\"wp-block-heading\">PILATES &#8211; SOPHRO<\/h2>\n\n\n\n<p>Enseign\u00e9 par Ludovic Mouillard dipl\u00f4m\u00e9 BPJEPS depuis 2016 et sophrologue depuis 2021.<\/p>\n\n\n\n<p><strong>Le Pilates<\/strong> tend vers un renforcement des muscles profonds et posturaux gr\u00e2ce \u00e0 un enchainement de postures et de mouvements pr\u00e9cis.<\/p>\n\n\n\n<p><strong>La Sophrologie<\/strong> pour une approche plus sensorielle en d\u00e9veloppant les 6\u00e8mes et 7\u00e8mes sens.<\/p>\n\n\n\n<p><strong>Le mardi de 18h \u00e0 19h15, \u00e0 l\u2019\u00e9cole du Lac du Marchais<\/strong>, <strong>rue des Tilleuls 95170 DEUIL LA BARRE<\/strong><\/p>\n<\/div><\/div>\n\n\n\n<div class=\"wp-block-media-text alignfull has-media-on-the-right is-stacked-on-mobile has-ast-global-color-5-background-color has-background\" style=\"grid-template-columns:auto 39%\"><div class=\"wp-block-media-text__content\">\n<p><\/p>\n\n\n\n<h2 class=\"wp-block-heading\">PILATES &#8211; FACIAS<\/h2>\n\n\n\n<p>Enseign\u00e9 par Ludovic Mouillard dipl\u00f4m\u00e9 BPJEPS depuis 2016 et sophrologue depuis 2021.<\/p>\n\n\n\n<p><strong>Le Pilates Fascias<\/strong> travaille en douceur sur les tissus conjonctifs (fascias) qui enveloppent muscles et organes. En lib\u00e9rant les tensions et en restaurant leur \u00e9lasticit\u00e9, on am\u00e9liore mobilit\u00e9, posture et circulation.<\/p>\n\n\n\n<p><strong>Le Lundi de 18h \u00e0 19h00, Maison des associations, 50 rue Abel Fauveau<\/strong> <strong>95170 DEUIL LA BARRE<\/strong><\/p>\n<\/div><figure class=\"wp-block-media-text__media\"><img loading=\"lazy\" decoding=\"async\" width=\"221\" height=\"167\" src=\"https:\/\/lesechappeesdeludo.fr\/wp-content\/uploads\/2025\/09\/Pilate-4.png\" alt=\"\" class=\"wp-image-1839 size-full\"\/><\/figure><\/div>\n\n\n\n<p class=\"has-medium-font-size\"><\/p>\n\n\n\n<h2 class=\"wp-block-heading has-medium-font-size\">INFORMATIONS ET INSCRIPTIONS<\/h2>\n\n\n\n<div class=\"wp-block-buttons is-layout-flex wp-block-buttons-is-layout-flex\">\n<div class=\"wp-block-button\"><a class=\"wp-block-button__link wp-element-button\" href=\"https:\/\/www.helloasso.com\/associations\/les-echappees-de-ludo\/adhesions\/2025-2026\"><strong>ADHESION SUR HELLOASSO<\/strong><\/a><\/div>\n<\/div>\n\n\n\n<div class=\"wp-block-buttons is-layout-flex wp-block-buttons-is-layout-flex\">\n<div class=\"wp-block-button\"><a class=\"wp-block-button__link wp-element-button\" href=\"https:\/\/lesechappeesdeludo.fr\/wp-content\/uploads\/2026\/02\/LEDL-bulletin-dadhesion-2.pdf\"><strong>BULLETIN D&rsquo;ADHESION<\/strong>*<\/a><\/div>\n<\/div>\n\n\n\n<p><\/p>\n\n\n\n<div class=\"wp-block-buttons is-layout-flex wp-block-buttons-is-layout-flex\">\n<div class=\"wp-block-button\"><a class=\"wp-block-button__link wp-element-button\" href=\"https:\/\/www.helloasso.com\/associations\/les-echappees-de-ludo\/evenements\/seance-a-l-unite-1\"><strong>SEANCE A L&rsquo;UNITE SUR HELLOASSO<\/strong>**<\/a><\/div>\n<\/div>\n\n\n\n<p>* Paiement par ch\u00e8que<\/p>\n\n\n\n<p>**Sans adh\u00e9sion<\/p>\n\n\n\n<h2 class=\"wp-block-heading has-text-align-center has-large-font-size\">Nous contacter <\/h2>\n\n\n\n<p class=\"has-text-align-center has-medium-font-size\"><strong>Les \u00e9chapp\u00e9es de Ludo<\/strong> <\/p>\n\n\n\n<p class=\"has-text-align-center has-medium-font-size\"> <strong>Ludovic Mouillard<\/strong><\/p>\n\n\n\n<p class=\"has-text-align-center has-medium-font-size\"><strong>06 30 97 01 31 <\/strong><\/p>\n","protected":false},"excerpt":{"rendered":"<p>L&rsquo;association succ\u00e8de \u00e0 \u00a0\u00bb Nourrir \u00e0 la vie \u00ab\u00a0, permet \u00e0 chacun de pratiquer des activit\u00e9s physiques et de d\u00e9tente dans une ambiance conviviale et bienveillante, avec un m\u00eame objectif : se sentir mieux, renforcer son corps et apaiser son esprit. Chaque semaine, l&rsquo;association propose 4 s\u00e9ances de quatre disciplines diff\u00e9rentes : Yoga &#8211; Qi [&hellip;]<\/p>\n","protected":false},"author":1,"featured_media":0,"parent":0,"menu_order":0,"comment_status":"closed","ping_status":"closed","template":"","meta":{"site-sidebar-layout":"default","site-content-layout":"","ast-site-content-layout":"default","site-content-style":"default","site-sidebar-style":"default","ast-global-header-display":"","ast-banner-title-visibility":"","ast-main-header-display":"","ast-hfb-above-header-display":"","ast-hfb-below-header-display":"","ast-hfb-mobile-header-display":"","site-post-title":"disabled","ast-breadcrumbs-content":"","ast-featured-img":"","footer-sml-layout":"","theme-transparent-header-meta":"","adv-header-id-meta":"","stick-header-meta":"","header-above-stick-meta":"","header-main-stick-meta":"","header-below-stick-meta":"","astra-migrate-meta-layouts":"set","ast-page-background-enabled":"default","ast-page-background-meta":{"desktop":{"background-color":"var(--ast-global-color-4)","background-image":"","background-repeat":"repeat","background-position":"center center","background-size":"auto","background-attachment":"scroll","background-type":"","background-media":"","overlay-type":"","overlay-color":"","overlay-opacity":"","overlay-gradient":""},"tablet":{"background-color":"","background-image":"","background-repeat":"repeat","background-position":"center center","background-size":"auto","background-attachment":"scroll","background-type":"","background-media":"","overlay-type":"","overlay-color":"","overlay-opacity":"","overlay-gradient":""},"mobile":{"background-color":"","background-image":"","background-repeat":"repeat","background-position":"center center","background-size":"auto","background-attachment":"scroll","background-type":"","background-media":"","overlay-type":"","overlay-color":"","overlay-opacity":"","overlay-gradient":""}},"ast-content-background-meta":{"desktop":{"background-color":"var(--ast-global-color-5)","background-image":"","background-repeat":"repeat","background-position":"center center","background-size":"auto","background-attachment":"scroll","background-type":"","background-media":"","overlay-type":"","overlay-color":"","overlay-opacity":"","overlay-gradient":""},"tablet":{"background-color":"var(--ast-global-color-5)","background-image":"","background-repeat":"repeat","background-position":"center center","background-size":"auto","background-attachment":"scroll","background-type":"","background-media":"","overlay-type":"","overlay-color":"","overlay-opacity":"","overlay-gradient":""},"mobile":{"background-color":"var(--ast-global-color-5)","background-image":"","background-repeat":"repeat","background-position":"center center","background-size":"auto","background-attachment":"scroll","background-type":"","background-media":"","overlay-type":"","overlay-color":"","overlay-opacity":"","overlay-gradient":""}},"footnotes":""},"class_list":["post-1813","page","type-page","status-publish","hentry"],"aioseo_notices":[],"_links":{"self":[{"href":"https:\/\/lesechappeesdeludo.fr\/index.php\/wp-json\/wp\/v2\/pages\/1813","targetHints":{"allow":["GET"]}}],"collection":[{"href":"https:\/\/lesechappeesdeludo.fr\/index.php\/wp-json\/wp\/v2\/pages"}],"about":[{"href":"https:\/\/lesechappeesdeludo.fr\/index.php\/wp-json\/wp\/v2\/types\/page"}],"author":[{"embeddable":true,"href":"https:\/\/lesechappeesdeludo.fr\/index.php\/wp-json\/wp\/v2\/users\/1"}],"replies":[{"embeddable":true,"href":"https:\/\/lesechappeesdeludo.fr\/index.php\/wp-json\/wp\/v2\/comments?post=1813"}],"version-history":[{"count":24,"href":"https:\/\/lesechappeesdeludo.fr\/index.php\/wp-json\/wp\/v2\/pages\/1813\/revisions"}],"predecessor-version":[{"id":1884,"href":"https:\/\/lesechappeesdeludo.fr\/index.php\/wp-json\/wp\/v2\/pages\/1813\/revisions\/1884"}],"wp:attachment":[{"href":"https:\/\/lesechappeesdeludo.fr\/index.php\/wp-json\/wp\/v2\/media?parent=1813"}],"curies":[{"name":"wp","href":"https:\/\/api.w.org\/{rel}","templated":true}]}}